{"id":72491,"date":"2023-03-23T13:44:09","date_gmt":"2023-03-23T17:44:09","guid":{"rendered":"https:\/\/groupemikasa.com\/pave-uni-unistone\/"},"modified":"2023-03-24T16:51:27","modified_gmt":"2023-03-24T20:51:27","slug":"pave-uni-unistone","status":"publish","type":"page","link":"https:\/\/groupemikasa.com\/en\/pave-uni-unistone\/","title":{"rendered":"Pav\u00e9 uni (Unistone)"},"content":{"rendered":"<p>[et_pb_section fb_built=&#8221;1&#8243; custom_padding_last_edited=&#8221;on|phone&#8221; _builder_version=&#8221;4.20.0&#8243; background_color=&#8221;#383838&#8243; background_image=&#8221;https:\/\/groupemikasa.com\/wp-content\/uploads\/2023\/03\/services-1024&#215;377.jpg&#8221; background_blend=&#8221;overlay&#8221; custom_padding=&#8221;60px||60px||true|false&#8221; custom_padding_tablet=&#8221;&#8221; custom_padding_phone=&#8221;40px||40px||false|false&#8221; global_colors_info=&#8221;{}&#8221;][et_pb_row use_custom_gutter=&#8221;on&#8221; gutter_width=&#8221;2&#8243; make_equal=&#8221;on&#8221; _builder_version=&#8221;4.16&#8243; width_tablet=&#8221;90%&#8221; width_phone=&#8221;90%&#8221; width_last_edited=&#8221;off|desktop&#8221; max_width_tablet=&#8221;90%&#8221; max_width_phone=&#8221;90%&#8221; max_width_last_edited=&#8221;off|desktop&#8221; custom_padding=&#8221;14px|||||&#8221; global_colors_info=&#8221;{}&#8221;][et_pb_column type=&#8221;4_4&#8243; _builder_version=&#8221;4.16&#8243; global_colors_info=&#8221;{}&#8221;][et_pb_text _builder_version=&#8221;4.20.2&#8243; text_font=&#8221;Poppins|800|||||||&#8221; text_text_color=&#8221;rgba(255,255,255,0.21)&#8221; text_font_size=&#8221;400px&#8221; header_font=&#8221;Poppins|800||on|||||&#8221; header_text_color=&#8221;rgba(143,143,143,0.37)&#8221; header_font_size=&#8221;400px&#8221; header_line_height=&#8221;0em&#8221; custom_margin=&#8221;|||-55px&#8221; animation_direction=&#8221;left&#8221; header_font_size_tablet=&#8221;&#8221; header_font_size_phone=&#8221;200px&#8221; header_font_size_last_edited=&#8221;on|phone&#8221; global_colors_info=&#8221;{}&#8221;]<\/p>\n<p>P<\/p>\n<p>[\/et_pb_text][et_pb_text _builder_version=&#8221;4.20.2&#8243; header_font=&#8221;Poppins|800||on|||||&#8221; header_text_color=&#8221;#ffffff&#8221; header_font_size=&#8221;70px&#8221; header_line_height=&#8221;1.2em&#8221; animation_direction=&#8221;right&#8221; header_font_size_tablet=&#8221;50px&#8221; header_font_size_phone=&#8221;35px&#8221; header_font_size_last_edited=&#8221;on|desktop&#8221; global_colors_info=&#8221;{}&#8221;]<\/p>\n<h1>Pav\u00e9 uni Unistone<\/h1>\n<p>[\/et_pb_text][\/et_pb_column][\/et_pb_row][\/et_pb_section][et_pb_section fb_built=&#8221;1&#8243; _builder_version=&#8221;4.20.2&#8243; background_size=&#8221;initial&#8221; background_repeat=&#8221;repeat&#8221; custom_padding=&#8221;40px||40px||true|false&#8221; global_colors_info=&#8221;{}&#8221;][et_pb_row column_structure=&#8221;2_5,3_5&#8243; use_custom_gutter=&#8221;on&#8221; gutter_width=&#8221;2&#8243; make_equal=&#8221;on&#8221; custom_padding_last_edited=&#8221;on|phone&#8221; _builder_version=&#8221;4.20.2&#8243; width=&#8221;90%&#8221; width_tablet=&#8221;90%&#8221; width_phone=&#8221;90%&#8221; width_last_edited=&#8221;on|phone&#8221; max_width=&#8221;1200px&#8221; max_width_tablet=&#8221;90%&#8221; max_width_phone=&#8221;90%&#8221; max_width_last_edited=&#8221;on|desktop&#8221; custom_padding=&#8221;0px||0px||false|false&#8221; custom_padding_tablet=&#8221;||0px||false|false&#8221; custom_padding_phone=&#8221;0px||0px||false|false&#8221; global_colors_info=&#8221;{}&#8221;][et_pb_column type=&#8221;2_5&#8243; _builder_version=&#8221;4.20.2&#8243; custom_padding=&#8221;0px|||0px|false|false&#8221; custom_padding_tablet=&#8221;90px|||0px|false|false&#8221; custom_padding_phone=&#8221;20px|||0px|false|false&#8221; custom_padding_last_edited=&#8221;on|desktop&#8221; animation_direction=&#8221;right&#8221; global_colors_info=&#8221;{}&#8221;][et_pb_text _builder_version=&#8221;4.20.2&#8243; header_font=&#8221;Montserrat|700|||||||&#8221; header_text_color=&#8221;#000000&#8243; header_line_height=&#8221;1.3em&#8221; header_2_font=&#8221;Montserrat|700|||||||&#8221; header_2_font_size=&#8221;30px&#8221; custom_margin_tablet=&#8221;-10px||||false|false&#8221; custom_margin_phone=&#8221;-10px||||false|false&#8221; custom_margin_last_edited=&#8221;on|desktop&#8221; header_font_size_tablet=&#8221;&#8221; header_font_size_phone=&#8221;30px&#8221; header_font_size_last_edited=&#8221;on|desktop&#8221; global_colors_info=&#8221;{}&#8221;]<\/p>\n<h2>PAV\u00c9-UNI (UNISTONE) SERVICES<\/h2>\n<p>[\/et_pb_text][et_pb_text _builder_version=&#8221;4.20.2&#8243; text_font=&#8221;Montserrat|300|||||||&#8221; text_text_color=&#8221;#000000&#8243; text_font_size=&#8221;15px&#8221; text_line_height=&#8221;1.8em&#8221; max_width=&#8221;475px&#8221; max_width_tablet=&#8221;100%&#8221; max_width_phone=&#8221;&#8221; max_width_last_edited=&#8221;on|desktop&#8221; custom_margin=&#8221;-16px||||false|false&#8221; custom_margin_tablet=&#8221;-26px||||false|false&#8221; custom_margin_phone=&#8221;-26px||||false|false&#8221; custom_margin_last_edited=&#8221;on|desktop&#8221; global_colors_info=&#8221;{}&#8221;]Pav\u00e9-uni UniStone are a popular choice for homeowners looking to add value and aesthetic appeal to their outdoor spaces. Our installation service provides a hassle-free and professional solution to transform your backyard, patio, walkway or driveway with the stunning beauty of Pav\u00e9-uni UniStone pavers.[\/et_pb_text][et_pb_text _builder_version=&#8221;4.20.2&#8243; text_font=&#8221;Montserrat|300|||||||&#8221; text_text_color=&#8221;#000000&#8243; text_font_size=&#8221;15px&#8221; text_line_height=&#8221;1.8em&#8221; header_3_font=&#8221;Montserrat||||||||&#8221; header_3_font_size=&#8221;19px&#8221; max_width=&#8221;475px&#8221; max_width_tablet=&#8221;100%&#8221; max_width_phone=&#8221;&#8221; max_width_last_edited=&#8221;on|desktop&#8221; custom_margin=&#8221;0px||||false|false&#8221; custom_margin_tablet=&#8221;-26px||||false|false&#8221; custom_margin_phone=&#8221;-26px||||false|false&#8221; custom_margin_last_edited=&#8221;on|desktop&#8221; global_colors_info=&#8221;{}&#8221;]<\/p>\n<h3>Why Choose Pav\u00e9-uni UniStone Pavers?<\/h3>\n<p>Pav\u00e9-uni UniStone pavers are made from high-quality natural materials, which ensures durability and longevity. <a href=\"https:\/\/www.techo-bloc.com\/shop\/pavers\" target=\"_blank\" rel=\"noopener\">Techo Bloc pavers come in a wide range of colors<\/a>, textures, and sizes, allowing for endless design possibilities to fit your style and preferences. Pav\u00e9-uni UniStone pavers are also slip-resistant, making them an excellent choice for pool areas or outdoor spaces with high foot traffic.<\/p>\n<p>[\/et_pb_text][et_pb_text _builder_version=&#8221;4.20.2&#8243; text_font=&#8221;Montserrat|300|||||||&#8221; text_text_color=&#8221;#000000&#8243; text_font_size=&#8221;15px&#8221; text_line_height=&#8221;1.8em&#8221; header_3_font=&#8221;Montserrat||||||||&#8221; header_3_font_size=&#8221;19px&#8221; max_width=&#8221;475px&#8221; max_width_tablet=&#8221;100%&#8221; max_width_phone=&#8221;&#8221; max_width_last_edited=&#8221;on|desktop&#8221; custom_margin=&#8221;0px||||false|false&#8221; custom_margin_tablet=&#8221;-26px||||false|false&#8221; custom_margin_phone=&#8221;-26px||||false|false&#8221; custom_margin_last_edited=&#8221;on|desktop&#8221; global_colors_info=&#8221;{}&#8221;]<\/p>\n<h3>Benefits of Choosing Our Service<\/h3>\n<p>When you choose our installation service, you can expect the following benefits:<\/p>\n<p>[\/et_pb_text][et_pb_text _builder_version=&#8221;4.20.2&#8243; _module_preset=&#8221;default&#8221; text_font=&#8221;Montserrat||||||||&#8221; text_text_color=&#8221;#000000&#8243; global_colors_info=&#8221;{}&#8221;]<\/p>\n<ul>\n<li>Professional and experienced installation team<\/li>\n<li>Use of high-quality materials and equipment<\/li>\n<li>Customized design options to fit your style and preferences<\/li>\n<li>Competitive pricing and on-time completion<\/li>\n<li>Satisfaction guarantee and ongoing support<\/li>\n<\/ul>\n<p>[\/et_pb_text][\/et_pb_column][et_pb_column type=&#8221;3_5&#8243; _builder_version=&#8221;4.16&#8243; global_colors_info=&#8221;{}&#8221;][et_pb_image src=&#8221;https:\/\/groupemikasa.com\/wp-content\/uploads\/2023\/03\/pave-rosemere-1.jpg&#8221; alt=&#8221;Pav\u00e9-uni UniStone&#8221; _builder_version=&#8221;4.20.2&#8243; z_index=&#8221;582&#8243; max_width=&#8221;500px&#8221; module_alignment=&#8221;center&#8221; custom_margin=&#8221;||||false|false&#8221; animation_direction=&#8221;left&#8221; hover_enabled=&#8221;0&#8243; global_colors_info=&#8221;{}&#8221; box_shadow_style=&#8221;preset2&#8243; sticky_enabled=&#8221;0&#8243;][\/et_pb_image][et_pb_image src=&#8221;https:\/\/groupemikasa.com\/wp-content\/uploads\/2023\/03\/92535940-06ED-4DE6-8DF9-F5C0A7B7B98C.jpg&#8221; alt=&#8221;Pav\u00e9-uni (UniStone)&#8221; _builder_version=&#8221;4.20.2&#8243; z_index=&#8221;999&#8243; max_width=&#8221;340px&#8221; max_width_tablet=&#8221;340px&#8221; max_width_phone=&#8221;150px&#8221; max_width_last_edited=&#8221;on|phone&#8221; custom_margin=&#8221;-68px||||false|false&#8221; animation_direction=&#8221;bottom&#8221; hover_enabled=&#8221;0&#8243; global_colors_info=&#8221;{}&#8221; box_shadow_style=&#8221;preset2&#8243; sticky_enabled=&#8221;0&#8243;][\/et_pb_image][et_pb_image src=&#8221;https:\/\/groupemikasa.com\/wp-content\/uploads\/2023\/03\/67570574997__D7145E33-FC2B-4E18-A2EE-15A1B5738928.jpg&#8221; alt=&#8221;Pav\u00e9-uni (UniStone)&#8221; _builder_version=&#8221;4.20.2&#8243; max_width=&#8221;400px&#8221; max_width_tablet=&#8221;400px&#8221; max_width_phone=&#8221;240px&#8221; max_width_last_edited=&#8221;on|phone&#8221; module_alignment=&#8221;right&#8221; custom_margin=&#8221;-484px||||false|false&#8221; custom_margin_tablet=&#8221;-484px||||false|false&#8221; custom_margin_phone=&#8221;-178px||||false|false&#8221; custom_margin_last_edited=&#8221;on|phone&#8221; hover_enabled=&#8221;0&#8243; global_colors_info=&#8221;{}&#8221; box_shadow_style=&#8221;preset2&#8243; sticky_enabled=&#8221;0&#8243;][\/et_pb_image][\/et_pb_column][\/et_pb_row][\/et_pb_section][et_pb_section fb_built=&#8221;1&#8243; _builder_version=&#8221;4.20.2&#8243; background_color=&#8221;#ededed&#8221; custom_padding=&#8221;80px|0px|80px|0px|true|false&#8221; global_colors_info=&#8221;{}&#8221;][et_pb_row use_custom_gutter=&#8221;on&#8221; gutter_width=&#8221;2&#8243; make_equal=&#8221;on&#8221; _builder_version=&#8221;4.20.2&#8243; _module_preset=&#8221;default&#8221; width=&#8221;90%&#8221; max_width=&#8221;1200px&#8221; custom_padding=&#8221;0px||0px||true|&#8221; global_colors_info=&#8221;{}&#8221;][et_pb_column type=&#8221;4_4&#8243; _builder_version=&#8221;4.20.2&#8243; _module_preset=&#8221;default&#8221; global_colors_info=&#8221;{}&#8221;][et_pb_text _builder_version=&#8221;4.20.2&#8243; text_font=&#8221;Montserrat|300|||||||&#8221; text_text_color=&#8221;#000000&#8243; text_font_size=&#8221;15px&#8221; text_line_height=&#8221;1.8em&#8221; header_3_font=&#8221;Montserrat||||||||&#8221; header_3_font_size=&#8221;19px&#8221; max_width_tablet=&#8221;100%&#8221; max_width_phone=&#8221;&#8221; max_width_last_edited=&#8221;on|desktop&#8221; custom_margin=&#8221;0px||||false|false&#8221; custom_margin_tablet=&#8221;-26px||||false|false&#8221; custom_margin_phone=&#8221;-26px||||false|false&#8221; custom_margin_last_edited=&#8221;on|desktop&#8221; global_colors_info=&#8221;{}&#8221;]<\/p>\n<h3>Our Pav\u00e9-uni UniStone Paver Installation Process<\/h3>\n<p>Our UniStone paver installation process is designed to ensure that your project is completed on time, within budget and to the highest quality standards. Here are the steps we follow:[\/et_pb_text][\/et_pb_column][\/et_pb_row][et_pb_row column_structure=&#8221;1_4,1_4,1_4,1_4&#8243; use_custom_gutter=&#8221;on&#8221; gutter_width=&#8221;2&#8243; make_equal=&#8221;on&#8221; _builder_version=&#8221;4.20.2&#8243; width=&#8221;90%&#8221; max_width=&#8221;1200px&#8221; custom_margin=&#8221;50px||||false|false&#8221; custom_padding=&#8221;0px||0px||true|&#8221; use_custom_width=&#8221;on&#8221; custom_width_px=&#8221;1230px&#8221; global_colors_info=&#8221;{}&#8221;][et_pb_column type=&#8221;1_4&#8243; _builder_version=&#8221;4.16&#8243; custom_padding=&#8221;|||&#8221; global_colors_info=&#8221;{}&#8221; custom_padding__hover=&#8221;|||&#8221;][et_pb_text _builder_version=&#8221;4.20.2&#8243; text_font=&#8221;Rubik||||||||&#8221; text_text_color=&#8221;#5499D4&#8243; text_font_size=&#8221;16px&#8221; header_font=&#8221;Montserrat|700|||||||&#8221; header_text_color=&#8221;#ffffff&#8221; header_font_size=&#8221;50px&#8221; header_line_height=&#8221;1.3em&#8221; header_4_font=&#8221;Montserrat|700|||||||&#8221; header_4_text_color=&#8221;#000000&#8243; header_4_font_size=&#8221;50px&#8221; global_colors_info=&#8221;{}&#8221;]<\/p>\n<h4>01.<\/h4>\n<p>[\/et_pb_text][et_pb_text _builder_version=&#8221;4.20.2&#8243; text_font=&#8221;Montserrat|300|||||||&#8221; text_text_color=&#8221;#000000&#8243; text_font_size=&#8221;16px&#8221; text_line_height=&#8221;1.8em&#8221; header_font=&#8221;Rubik|700|||||||&#8221; header_text_color=&#8221;#297FCA&#8221; header_line_height=&#8221;1.3em&#8221; max_width=&#8221;85%&#8221; custom_margin=&#8221;-17px||&#8221; global_colors_info=&#8221;{}&#8221;]<\/p>\n<p><strong>Consultation &amp; Planning: <\/strong><\/p>\n<p>Our expert team will work with you to understand your vision and requirements for your outdoor space. We will take measurements, discuss design options, and provide recommendations to ensure the best possible outcome.<\/p>\n<p>[\/et_pb_text][\/et_pb_column][et_pb_column type=&#8221;1_4&#8243; _builder_version=&#8221;4.16&#8243; custom_padding=&#8221;|||&#8221; global_colors_info=&#8221;{}&#8221; custom_padding__hover=&#8221;|||&#8221;][et_pb_text _builder_version=&#8221;4.20.2&#8243; text_font=&#8221;Rubik||||||||&#8221; text_text_color=&#8221;#5499D4&#8243; text_font_size=&#8221;16px&#8221; header_font=&#8221;Montserrat|700|||||||&#8221; header_text_color=&#8221;#ffffff&#8221; header_font_size=&#8221;50px&#8221; header_line_height=&#8221;1.3em&#8221; header_4_font=&#8221;Montserrat|700|||||||&#8221; header_4_text_color=&#8221;#000000&#8243; header_4_font_size=&#8221;50px&#8221; global_colors_info=&#8221;{}&#8221;]<\/p>\n<h4>02.<\/h4>\n<p>[\/et_pb_text][et_pb_text _builder_version=&#8221;4.20.2&#8243; text_font=&#8221;Montserrat|300|||||||&#8221; text_text_color=&#8221;#000000&#8243; text_font_size=&#8221;16px&#8221; text_line_height=&#8221;1.8em&#8221; header_font=&#8221;Rubik|700|||||||&#8221; header_text_color=&#8221;#297FCA&#8221; header_line_height=&#8221;1.3em&#8221; max_width=&#8221;85%&#8221; custom_margin=&#8221;-17px||&#8221; global_colors_info=&#8221;{}&#8221;]<\/p>\n<p><strong>Site Preparation: <\/strong><\/p>\n<p>We will prepare the site by clearing any debris, leveling the ground, and adding a layer of gravel or sand to ensure a stable base for the pavers.<\/p>\n<p>[\/et_pb_text][\/et_pb_column][et_pb_column type=&#8221;1_4&#8243; _builder_version=&#8221;4.16&#8243; custom_padding=&#8221;|||&#8221; global_colors_info=&#8221;{}&#8221; custom_padding__hover=&#8221;|||&#8221;][et_pb_text _builder_version=&#8221;4.20.2&#8243; text_font=&#8221;Rubik||||||||&#8221; text_text_color=&#8221;#5499D4&#8243; text_font_size=&#8221;16px&#8221; header_font=&#8221;Montserrat|700|||||||&#8221; header_text_color=&#8221;#ffffff&#8221; header_font_size=&#8221;50px&#8221; header_line_height=&#8221;1.3em&#8221; header_4_font=&#8221;Montserrat|700|||||||&#8221; header_4_text_color=&#8221;#000000&#8243; header_4_font_size=&#8221;50px&#8221; global_colors_info=&#8221;{}&#8221;]<\/p>\n<h4>03.<\/h4>\n<p>[\/et_pb_text][et_pb_text _builder_version=&#8221;4.20.2&#8243; text_font=&#8221;Montserrat|300|||||||&#8221; text_text_color=&#8221;#000000&#8243; text_font_size=&#8221;16px&#8221; text_line_height=&#8221;1.8em&#8221; header_font=&#8221;Rubik|700|||||||&#8221; header_text_color=&#8221;#297FCA&#8221; header_line_height=&#8221;1.3em&#8221; max_width=&#8221;85%&#8221; custom_margin=&#8221;-17px||&#8221; global_colors_info=&#8221;{}&#8221;]<\/p>\n<p><strong>Paver Installation: <\/strong><\/p>\n<p>Our team will carefully install the pavers using the chosen design pattern, ensuring a perfect fit and level surface. We take pride in our attention to detail, and we guarantee that the final product will exceed your expectations.<\/p>\n<p>[\/et_pb_text][\/et_pb_column][et_pb_column type=&#8221;1_4&#8243; _builder_version=&#8221;4.16&#8243; custom_padding=&#8221;|||&#8221; global_colors_info=&#8221;{}&#8221; custom_padding__hover=&#8221;|||&#8221;][et_pb_text _builder_version=&#8221;4.20.2&#8243; text_font=&#8221;Rubik||||||||&#8221; text_text_color=&#8221;#5499D4&#8243; text_font_size=&#8221;16px&#8221; header_font=&#8221;Montserrat|700|||||||&#8221; header_text_color=&#8221;#ffffff&#8221; header_font_size=&#8221;50px&#8221; header_line_height=&#8221;1.3em&#8221; header_4_font=&#8221;Montserrat|700|||||||&#8221; header_4_text_color=&#8221;#000000&#8243; header_4_font_size=&#8221;50px&#8221; global_colors_info=&#8221;{}&#8221;]<\/p>\n<h4>04.<\/h4>\n<p>[\/et_pb_text][et_pb_text _builder_version=&#8221;4.20.2&#8243; text_font=&#8221;Montserrat|300|||||||&#8221; text_text_color=&#8221;#000000&#8243; text_font_size=&#8221;16px&#8221; text_line_height=&#8221;1.8em&#8221; header_font=&#8221;Rubik|700|||||||&#8221; header_text_color=&#8221;#297FCA&#8221; header_line_height=&#8221;1.3em&#8221; max_width=&#8221;85%&#8221; custom_margin=&#8221;-17px||&#8221; global_colors_info=&#8221;{}&#8221;]<\/p>\n<p><strong>Finishing Touches: <\/strong><\/p>\n<p>Once the pavers are installed, we will clean the area and add any final touches, such as edging or lighting, to enhance the overall look and functionality of your outdoor space.<\/p>\n<p>[\/et_pb_text][\/et_pb_column][\/et_pb_row][et_pb_row use_custom_gutter=&#8221;on&#8221; gutter_width=&#8221;2&#8243; make_equal=&#8221;on&#8221; _builder_version=&#8221;4.20.2&#8243; _module_preset=&#8221;default&#8221; width=&#8221;90%&#8221; max_width=&#8221;1200px&#8221; custom_margin=&#8221;50px||||false|false&#8221; custom_padding=&#8221;0px||0px||true|&#8221; global_colors_info=&#8221;{}&#8221;][et_pb_column type=&#8221;4_4&#8243; _builder_version=&#8221;4.20.2&#8243; _module_preset=&#8221;default&#8221; global_colors_info=&#8221;{}&#8221;][et_pb_text _builder_version=&#8221;4.20.2&#8243; text_font=&#8221;Montserrat|300|||||||&#8221; text_text_color=&#8221;#000000&#8243; text_font_size=&#8221;19px&#8221; text_line_height=&#8221;1.8em&#8221; max_width_tablet=&#8221;100%&#8221; max_width_phone=&#8221;&#8221; max_width_last_edited=&#8221;on|desktop&#8221; custom_margin=&#8221;0px||||false|false&#8221; custom_margin_tablet=&#8221;-26px||||false|false&#8221; custom_margin_phone=&#8221;-26px||||false|false&#8221; custom_margin_last_edited=&#8221;on|desktop&#8221; global_colors_info=&#8221;{}&#8221;]<\/p>\n<p>Are you ready to <strong>transform your outdoor space<\/strong> with <strong>Pav\u00e9-uni UniStone<\/strong> pavers?<br \/>Contact us today to <a href=\"https:\/\/groupemikasa.com\/en\/contact\/\"><strong>schedule a consultation and get a free estimate for your project<\/strong><\/a>. We look forward to working with you and creating a stunning outdoor space for your home!<\/p>\n<p>[\/et_pb_text][\/et_pb_column][\/et_pb_row][\/et_pb_section]<\/p>\n","protected":false},"excerpt":{"rendered":"<p>PPav\u00e9 uni UnistonePAV\u00c9-UNI (UNISTONE) SERVICESPav\u00e9-uni UniStone are a popular choice for homeowners looking to add value and aesthetic appeal to their outdoor spaces. Our installation service provides a hassle-free and professional solution to transform your backyard, patio, walkway or driveway with the stunning beauty of Pav\u00e9-uni UniStone pavers.Why Choose Pav\u00e9-uni UniStone Pavers? Pav\u00e9-uni UniStone pavers [&hellip;]<\/p>\n","protected":false},"author":1,"featured_media":71836,"parent":0,"menu_order":0,"comment_status":"closed","ping_status":"closed","template":"","meta":{"_et_pb_use_builder":"on","_et_pb_old_content":"","_et_gb_content_width":"","footnotes":""},"class_list":["post-72491","page","type-page","status-publish","has-post-thumbnail","hentry"],"_links":{"self":[{"href":"https:\/\/groupemikasa.com\/en\/wp-json\/wp\/v2\/pages\/72491","targetHints":{"allow":["GET"]}}],"collection":[{"href":"https:\/\/groupemikasa.com\/en\/wp-json\/wp\/v2\/pages"}],"about":[{"href":"https:\/\/groupemikasa.com\/en\/wp-json\/wp\/v2\/types\/page"}],"author":[{"embeddable":true,"href":"https:\/\/groupemikasa.com\/en\/wp-json\/wp\/v2\/users\/1"}],"replies":[{"embeddable":true,"href":"https:\/\/groupemikasa.com\/en\/wp-json\/wp\/v2\/comments?post=72491"}],"version-history":[{"count":7,"href":"https:\/\/groupemikasa.com\/en\/wp-json\/wp\/v2\/pages\/72491\/revisions"}],"predecessor-version":[{"id":72672,"href":"https:\/\/groupemikasa.com\/en\/wp-json\/wp\/v2\/pages\/72491\/revisions\/72672"}],"wp:featuredmedia":[{"embeddable":true,"href":"https:\/\/groupemikasa.com\/en\/wp-json\/wp\/v2\/media\/71836"}],"wp:attachment":[{"href":"https:\/\/groupemikasa.com\/en\/wp-json\/wp\/v2\/media?parent=72491"}],"curies":[{"name":"wp","href":"https:\/\/api.w.org\/{rel}","templated":true}]}}